{"id":12,"date":"2015-02-23T10:00:52","date_gmt":"2015-02-23T10:00:52","guid":{"rendered":"http:\/\/blog.tierarzt-praxis-muenchen.de\/?page_id=12"},"modified":"2015-02-23T10:00:52","modified_gmt":"2015-02-23T10:00:52","slug":"ueber-die-praxis","status":"publish","type":"page","link":"http:\/\/blog.tierarzt-praxis-muenchen.de\/?page_id=12","title":{"rendered":"\u00dcber die Praxis"},"content":{"rendered":"<p>Ich verstehe mich mit meiner Praxis vorallem als &#8222;Haus-Tier\u00e4rztin&#8220;, als erste Ansprechpartnerin bei Fragen rund um die Gesundheit Ihrer Katze und Ihres Hundes, sowie Ihrer Kaninchen, Meerschweinchen, Hamster, M\u00e4use, Ratten, Chinchillas, Wellensittiche, Kanarien, Nymphensittiche und anderen kleinen Heims\u00e4uger und Zierv\u00f6gel.<\/p>\n<p>Dazu geh\u00f6rt f\u00fcr mich auch die Beratung in Sachen Anschaffung, Haltung, F\u00fctterung, Verhalten und Reise. Ich f\u00fchre selbstverst\u00e4ndlich auch Ma\u00dfnahmen zur Gesunderhaltung ihrer Tiere durch, wie z.B. Impfungen, Parasitenschutz, Kastrationen, Zahnreinigungen und Fr\u00fcherkennung von Erkrankungen.<\/p>\n<p>Sollte Ihr Tier dann trotz aller Bem\u00fchungen einmal krank werden, so berate ich Sie zu m\u00f6glichen Untersuchungen und Therapien, sowohl naturheilkundlicher als auch schulmedizinischer Art und erstelle mit Ihnen einen Therapieplan. Sollte zu der Umsetzung einmal die \u00dcberweisung an einen Spezialisten n\u00f6tig werden, so kann die Weiterbehandlung meistens wieder in meiner Praxis oder bei Ihnen zu Hause erfolgen.<\/p>\n<p>Mein Ziel ist es, Sie und Ihr Tier \u00fcber viele Jahre hinweg zu begleiten und bei Problemen zu helfen. Auch auf dem letzten Weg Ihres Tieres stehe ich Ihnen dann selbstverst\u00e4ndlich auch mit Rat und Tat bei.<\/p>\n<p>Meine Praxis befindet sich seit Februar 1991 in der Volkartstra\u00dfe zwischen Leonrodplatz und Mittlerem Ring auf H\u00f6he der Albrechtstra\u00dfe. \u00d6ffentlich erreichen Sie mich mit der Tram 12 und dem Bus 53 (Haltestelle Albrechtstra\u00dfe) und mit der U1\/U7 (Haltestelle Rotkreuzplatz).<\/p>\n","protected":false},"excerpt":{"rendered":"<p>Ich verstehe mich mit meiner Praxis vorallem als &#8222;Haus-Tier\u00e4rztin&#8220;, als erste Ansprechpartnerin bei Fragen rund um die Gesundheit Ihrer Katze und Ihres Hundes, sowie Ihrer Kaninchen, Meerschweinchen, Hamster, M\u00e4use, Ratten, Chinchillas, Wellensittiche, Kanarien, Nymphensittiche und anderen kleinen Heims\u00e4uger und Zierv\u00f6gel. Dazu geh\u00f6rt f\u00fcr mich auch die Beratung in Sachen Anschaffung, Haltung, F\u00fctterung, Verhalten und Reise. &hellip; <a href=\"http:\/\/blog.tierarzt-praxis-muenchen.de\/?page_id=12\" class=\"more-link\"><span class=\"screen-reader-text\">\u00dcber die Praxis<\/span> weiterlesen<\/a><\/p>\n","protected":false},"author":1,"featured_media":10,"parent":0,"menu_order":0,"comment_status":"open","ping_status":"open","template":"","meta":[],"_links":{"self":[{"href":"http:\/\/blog.tierarzt-praxis-muenchen.de\/index.php?rest_route=\/wp\/v2\/pages\/12"}],"collection":[{"href":"http:\/\/blog.tierarzt-praxis-muenchen.de\/index.php?rest_route=\/wp\/v2\/pages"}],"about":[{"href":"http:\/\/blog.tierarzt-praxis-muenchen.de\/index.php?rest_route=\/wp\/v2\/types\/page"}],"author":[{"embeddable":true,"href":"http:\/\/blog.tierarzt-praxis-muenchen.de\/index.php?rest_route=\/wp\/v2\/users\/1"}],"replies":[{"embeddable":true,"href":"http:\/\/blog.tierarzt-praxis-muenchen.de\/index.php?rest_route=%2Fwp%2Fv2%2Fcomments&post=12"}],"version-history":[{"count":1,"href":"http:\/\/blog.tierarzt-praxis-muenchen.de\/index.php?rest_route=\/wp\/v2\/pages\/12\/revisions"}],"predecessor-version":[{"id":13,"href":"http:\/\/blog.tierarzt-praxis-muenchen.de\/index.php?rest_route=\/wp\/v2\/pages\/12\/revisions\/13"}],"wp:featuredmedia":[{"embeddable":true,"href":"http:\/\/blog.tierarzt-praxis-muenchen.de\/index.php?rest_route=\/wp\/v2\/media\/10"}],"wp:attachment":[{"href":"http:\/\/blog.tierarzt-praxis-muenchen.de\/index.php?rest_route=%2Fwp%2Fv2%2Fmedia&parent=12"}],"curies":[{"name":"wp","href":"https:\/\/api.w.org\/{rel}","templated":true}]}}