{"id":20,"date":"2015-02-23T17:23:19","date_gmt":"2015-02-23T17:23:19","guid":{"rendered":"http:\/\/blog.tierarzt-praxis-muenchen.de\/?page_id=20"},"modified":"2015-02-23T17:32:15","modified_gmt":"2015-02-23T17:32:15","slug":"kontaktanfahrt","status":"publish","type":"page","link":"http:\/\/blog.tierarzt-praxis-muenchen.de\/?page_id=20","title":{"rendered":"Kontakt\/Anfahrt"},"content":{"rendered":"<p>Tierarztpraxis Dr. Dorothea H\u00fcnem\u00f6rder<\/p>\n<p>Volkartstr. 44, 80636 M\u00fcnchen<\/p>\n<p>Tel.: <strong>089\/188545\u00a0 \u00a0 \u00a0 \u00a0 \u00a0 \u00a0 \u00a0 \u00a0 \u00a0 <\/strong><\/p>\n<p><a href=\"mailto:praxis@huenemoerder.de\" target=\"_blank\">praxis@huenemoerder.de<\/a>\u00a0 <a href=\"http:\/\/www.tierarzt-praxis-muenchen.de\" target=\"_blank\">www.tierarzt-praxis-muenchen.de<\/a><\/p>\n<p>facebook, google+: Tierarztpraxis Dr. Dorothea H\u00fcnem\u00f6rder<\/p>\n<p><a href=\"http:\/\/maps.google.de\/maps?hl=de&amp;gl=de&amp;daddr=Volkartstra%C3%9Fe+44,+80636+M%C3%BCnchen&amp;panel=1&amp;f=d&amp;fb=1&amp;dirflg=d&amp;ge+eocode=0,48.156778,11.538713&amp;cid=0,0,8222389945075614917&amp;ie=UTF8&amp;t=m&amp;ll=48.155551,11.537232&amp;spn=0.01002,0.018239&amp;z=15&amp;source=embed\" target=\"_blank\">Anfahrt<\/a>\u00a0\u00a0\u00a0\u00a0\u00a0\u00a0\u00a0 Es besteht die M\u00f6glichkeit im Hof zu parken.<\/p>\n<p>Bus 53, Tram 12: Haltestelle Albrechtstra\u00dfe<\/p>\n","protected":false},"excerpt":{"rendered":"<p>Tierarztpraxis Dr. Dorothea H\u00fcnem\u00f6rder Volkartstr. 44, 80636 M\u00fcnchen Tel.: 089\/188545\u00a0 \u00a0 \u00a0 \u00a0 \u00a0 \u00a0 \u00a0 \u00a0 \u00a0 praxis@huenemoerder.de\u00a0 www.tierarzt-praxis-muenchen.de facebook, google+: Tierarztpraxis Dr. Dorothea H\u00fcnem\u00f6rder Anfahrt\u00a0\u00a0\u00a0\u00a0\u00a0\u00a0\u00a0 Es besteht die M\u00f6glichkeit im Hof zu parken. Bus 53, Tram 12: Haltestelle Albrechtstra\u00dfe<\/p>\n","protected":false},"author":1,"featured_media":0,"parent":12,"menu_order":2,"comment_status":"open","ping_status":"open","template":"","meta":[],"_links":{"self":[{"href":"http:\/\/blog.tierarzt-praxis-muenchen.de\/index.php?rest_route=\/wp\/v2\/pages\/20"}],"collection":[{"href":"http:\/\/blog.tierarzt-praxis-muenchen.de\/index.php?rest_route=\/wp\/v2\/pages"}],"about":[{"href":"http:\/\/blog.tierarzt-praxis-muenchen.de\/index.php?rest_route=\/wp\/v2\/types\/page"}],"author":[{"embeddable":true,"href":"http:\/\/blog.tierarzt-praxis-muenchen.de\/index.php?rest_route=\/wp\/v2\/users\/1"}],"replies":[{"embeddable":true,"href":"http:\/\/blog.tierarzt-praxis-muenchen.de\/index.php?rest_route=%2Fwp%2Fv2%2Fcomments&post=20"}],"version-history":[{"count":10,"href":"http:\/\/blog.tierarzt-praxis-muenchen.de\/index.php?rest_route=\/wp\/v2\/pages\/20\/revisions"}],"predecessor-version":[{"id":30,"href":"http:\/\/blog.tierarzt-praxis-muenchen.de\/index.php?rest_route=\/wp\/v2\/pages\/20\/revisions\/30"}],"up":[{"embeddable":true,"href":"http:\/\/blog.tierarzt-praxis-muenchen.de\/index.php?rest_route=\/wp\/v2\/pages\/12"}],"wp:attachment":[{"href":"http:\/\/blog.tierarzt-praxis-muenchen.de\/index.php?rest_route=%2Fwp%2Fv2%2Fmedia&parent=20"}],"curies":[{"name":"wp","href":"https:\/\/api.w.org\/{rel}","templated":true}]}}