{"id":31,"date":"2015-02-24T09:00:07","date_gmt":"2015-02-24T09:00:07","guid":{"rendered":"http:\/\/blog.tierarzt-praxis-muenchen.de\/?page_id=31"},"modified":"2015-02-24T09:00:49","modified_gmt":"2015-02-24T09:00:49","slug":"pflichtangaben","status":"publish","type":"page","link":"http:\/\/blog.tierarzt-praxis-muenchen.de\/?page_id=31","title":{"rendered":"Pflichtangaben"},"content":{"rendered":"<h1>Dr. Dorothea H\u00fcnem\u00f6rder<\/h1>\n<p>Volkartstr. 44 Rgb.<\/p>\n<p>80636 M\u00fcnchen<\/p>\n<p>Tel.: 089\/188545<\/p>\n<p>Fax: 089\/1237627<\/p>\n<p>Email: <a href=\"mailto:praxis@huenemoerder.de\">praxis@huenemoerder.de<\/a><\/p>\n<p>&nbsp;<\/p>\n<p>Approbationsbeh\u00f6rde:<\/p>\n<p>Regierung von Oberbayern<\/p>\n<p>Maximilianstr. 39<\/p>\n<p>80538 M\u00fcnchen<\/p>\n<p>Tel.: 089\/2176-0<\/p>\n<p>Fax: 089\/2176-2914<\/p>\n<p>Email: <a href=\"mailto:poststelle@reg-ob.bayern.de\">poststelle@reg-ob.bayern.de<\/a><\/p>\n<p><a href=\"http:\/\/www.regierung.bayern.oberbayern.de\/\">www.regierung.bayern.oberbayern.de<\/a><\/p>\n<p>&nbsp;<\/p>\n<p>Steuernummer: 147\/221\/40215<\/p>\n<p>&nbsp;<\/p>\n<p>Berufsbezeichnung:<\/p>\n<p>Tier\u00e4rztin (Bundesrepublik Deutschland)<\/p>\n<p>&nbsp;<\/p>\n<p>Zust\u00e4ndige Kammer:<\/p>\n<p>Bayrische Landestier\u00e4rztekammer<\/p>\n<p>Bavariastr. 7a,<\/p>\n<p>80336 M\u00fcnchen<\/p>\n<p>Tel.: 089\/219908-0<\/p>\n<p>Fax: 089\/219908-33<\/p>\n<p>Email: <a href=\"mailto:kontakt@bltk.de\">kontakt@bltk.de<\/a><\/p>\n<p><a href=\"http:\/\/www.bltk.de\/\">www.bltk.de<\/a><\/p>\n<p>&nbsp;<\/p>\n<p>Berufshaftpflichtversicherung:<\/p>\n<p>Alte Leipziger<\/p>\n<p>Alte-Leipzinger-Platz 1<\/p>\n<p>61440 Oberursel (Taunus)<\/p>\n<p><a href=\"http:\/\/www.alte-leipziger.de\/\">www.alte-leipziger.de<\/a><\/p>\n<p>Tel.: 06171\/662008<\/p>\n<p>&nbsp;<\/p>\n<p>Berufsrechtliche Regelung:<\/p>\n<p>Bundestier\u00e4rzteordnung in der Fassung der Bekanntmachung vom 20. November 1981 (BGBl. I S. 1193), zuletzt durch die Verordnung vom 11. Dezember 2007 (BGBl. I S. 2882) ge\u00e4ndert.<\/p>\n<p><a href=\"http:\/\/bundesrecht.juris.de\/bt_o\/BJNR004160965.html\">http:\/\/bundesrecht.juris.de\/bt_o\/BJNR004160965.html<\/a><\/p>\n<p>&nbsp;<\/p>\n<p>Es gilt die Berufsordnung der Bayrischen Landestier\u00e4rztekammer <a href=\"http:\/\/www.bltk.de\">www.bltk.de<\/a><\/p>\n<p>&nbsp;<\/p>\n<p>Schlichtungsstelle:<\/p>\n<p>Tier\u00e4rztliche Bezirksverband Oberbayern<\/p>\n<p>T\u00fcrkenstr. 7<\/p>\n<p>80333 M\u00fcnchen<\/p>\n<p>Telefon (0 89) 29 68 21<\/p>\n<p>Telefax (0 89) 28 75 58 28<\/p>\n<p><a href=\"mailto:info@tbv-obb.de\">info@tbv-obb.de<\/a><\/p>\n<p>&nbsp;<\/p>\n<p>Die Preise f\u00fcr Dienstleistungen richten sich nach der Geb\u00fchrenordnung f\u00fcr Tier\u00e4rzte vom 28. Juli 1999 (BGBl. 1 S.1691 ff), unter Ber\u00fccksichtigung der 1. Verordnung zur \u00c4nderung der GOT vom 27. April 2005 (BGBl. 1 S. 1160) sowie der 2. Verordnung zur \u00c4nderung der GOT vom 30. Juni 2008 (BGBl. 1 S. 1105 ff)<\/p>\n<p><a href=\"http:\/\/www.gesetze-im-internet.de\/got\/BJNR169100999.html\">http:\/\/www.gesetze-im-internet.de\/got\/BJNR169100999.html<\/a><\/p>\n<p>Die Preise f\u00fcr Medikamente richten sich nach der Arzneimittelpreis-Verordnung.<\/p>\n<p>(AMPreisV) vom 14. November 1980 (BGBl. 1 S. 2147) zuletzt ge\u00e4ndert durch Gesetz vom 14. November 2003 (BGBl. 1 S. 2190, 2254 f)<\/p>\n<p><a href=\"http:\/\/www.gesetze-im-internet.de\/ampreisv\/BJNR021470980.html\">http:\/\/www.gesetze-im-internet.de\/ampreisv\/BJNR021470980.html<\/a><\/p>\n","protected":false},"excerpt":{"rendered":"<p>Dr. Dorothea H\u00fcnem\u00f6rder Volkartstr. 44 Rgb. 80636 M\u00fcnchen Tel.: 089\/188545 Fax: 089\/1237627 Email: praxis@huenemoerder.de &nbsp; Approbationsbeh\u00f6rde: Regierung von Oberbayern Maximilianstr. 39 80538 M\u00fcnchen Tel.: 089\/2176-0 Fax: 089\/2176-2914 Email: poststelle@reg-ob.bayern.de www.regierung.bayern.oberbayern.de &nbsp; Steuernummer: 147\/221\/40215 &nbsp; Berufsbezeichnung: Tier\u00e4rztin (Bundesrepublik Deutschland) &nbsp; Zust\u00e4ndige Kammer: Bayrische Landestier\u00e4rztekammer Bavariastr. 7a, 80336 M\u00fcnchen Tel.: 089\/219908-0 Fax: 089\/219908-33 Email: kontakt@bltk.de www.bltk.de &nbsp; &hellip; <a href=\"http:\/\/blog.tierarzt-praxis-muenchen.de\/?page_id=31\" class=\"more-link\"><span class=\"screen-reader-text\">Pflichtangaben<\/span> weiterlesen<\/a><\/p>\n","protected":false},"author":1,"featured_media":0,"parent":12,"menu_order":3,"comment_status":"open","ping_status":"open","template":"","meta":[],"_links":{"self":[{"href":"http:\/\/blog.tierarzt-praxis-muenchen.de\/index.php?rest_route=\/wp\/v2\/pages\/31"}],"collection":[{"href":"http:\/\/blog.tierarzt-praxis-muenchen.de\/index.php?rest_route=\/wp\/v2\/pages"}],"about":[{"href":"http:\/\/blog.tierarzt-praxis-muenchen.de\/index.php?rest_route=\/wp\/v2\/types\/page"}],"author":[{"embeddable":true,"href":"http:\/\/blog.tierarzt-praxis-muenchen.de\/index.php?rest_route=\/wp\/v2\/users\/1"}],"replies":[{"embeddable":true,"href":"http:\/\/blog.tierarzt-praxis-muenchen.de\/index.php?rest_route=%2Fwp%2Fv2%2Fcomments&post=31"}],"version-history":[{"count":1,"href":"http:\/\/blog.tierarzt-praxis-muenchen.de\/index.php?rest_route=\/wp\/v2\/pages\/31\/revisions"}],"predecessor-version":[{"id":32,"href":"http:\/\/blog.tierarzt-praxis-muenchen.de\/index.php?rest_route=\/wp\/v2\/pages\/31\/revisions\/32"}],"up":[{"embeddable":true,"href":"http:\/\/blog.tierarzt-praxis-muenchen.de\/index.php?rest_route=\/wp\/v2\/pages\/12"}],"wp:attachment":[{"href":"http:\/\/blog.tierarzt-praxis-muenchen.de\/index.php?rest_route=%2Fwp%2Fv2%2Fmedia&parent=31"}],"curies":[{"name":"wp","href":"https:\/\/api.w.org\/{rel}","templated":true}]}}